{"id":432,"date":"2018-02-10T18:12:48","date_gmt":"2018-02-10T09:12:48","guid":{"rendered":"http:\/\/art.p-alpha.ne.jp\/?page_id=432"},"modified":"2018-03-31T10:04:16","modified_gmt":"2018-03-31T01:04:16","slug":"sylou-le-rhun","status":"publish","type":"page","link":"https:\/\/art.p-alpha.ne.jp\/2018\/artists-2018\/sylou-le-rhun\/","title":{"rendered":"\u30b7\u30eb\u30a6 \u30eb \u30cf\u30f3 | Sylou Le Rhun"},"content":{"rendered":"<p><img loading=\"lazy\" decoding=\"async\" id=\"profil\" class=\"alignnone size-thumbnail wp-image-222\" src=\"https:\/\/art.p-alpha.ne.jp\/2018\/wp-content\/uploads\/2018\/01\/Sylou-LE-RHUN-150x150.jpg\" alt=\"Sylou LE RHUN | \u30b7\u30eb\u30a6\u30fb\u30eb\u30cf\u30f3\" width=\"150\" height=\"150\" \/><\/p>\n<address>ADDRESS : Nantes, FRANCE<br \/>\nURL : <a href=\"http:\/\/www.lerhunsylou.com\" target=\"_blank\" rel=\"noopener\">http:\/\/www.lerhunsylou.com<\/a><br \/>\nE-mail : syloulerhun@gmail.com<\/address>\n<figure id=\"attachment_224\" aria-describedby=\"caption-attachment-224\" style=\"width: 556px\" class=\"wp-caption aligncenter\"><img loading=\"lazy\" decoding=\"async\" class=\"wp-image-224 size-full\" src=\"https:\/\/art.p-alpha.ne.jp\/2018\/wp-content\/uploads\/2018\/01\/Sylou-LE-RHUN-Green-Dance.jpg\" alt=\"Sylou LE-RHUN | Green Dance\" width=\"556\" height=\"394\" srcset=\"https:\/\/art.p-alpha.ne.jp\/2018\/wp-content\/uploads\/2018\/01\/Sylou-LE-RHUN-Green-Dance.jpg 556w, https:\/\/art.p-alpha.ne.jp\/2018\/wp-content\/uploads\/2018\/01\/Sylou-LE-RHUN-Green-Dance-300x213.jpg 300w\" sizes=\"auto, (max-width: 556px) 100vw, 556px\" \/><figcaption id=\"caption-attachment-224\" class=\"wp-caption-text\"><strong>Green Dance &#8216;2017<\/strong><br \/> 131cmx150cm<br \/>\u7d19\u306b\u8272\u925b\u7b46\u3001\u30d5\u30a7\u30eb\u30c8\u30da\u30f3\u3001\u925b<\/figcaption><\/figure>\n<dl>\n<dt>1963<\/dt>\n<dd>\u751f\u307e\u308c<\/dd>\n<dt>1995<\/dt>\n<dd>\u56fd\u5bb6\u9ad8\u7b49\u9020\u5f62\u82b8\u8853\u4fee\u4e86\u8a3c [DNSEP]\uff08\u30ad\u30e3\u30f3\u30da\u30fc\u30eb\u7f8e\u8853\u5b66\u6821\u3001\u30d5\u30e9\u30f3\u30b9\uff09<br \/>\n1996\u5e74\u3088\u308a\u7f8e\u8853\u3001\u7f8e\u8853\u53f2\u3001\u30c7\u30b6\u30a4\u30f3\u3001\u7f8e\u8853\u7814\u7a76\u306e\u6307\u5c0e\u306b\u3042\u305f\u308b<\/dd>\n<dt>1996\u301c<\/dt>\n<dd>\u7f8e\u8853\u3001\u7f8e\u8853\u53f2\u3001\u30c7\u30b6\u30a4\u30f3\u3001\u7f8e\u8853\u7814\u7a76\u306e\u6307\u5c0e\u306b\u3042\u305f\u308b<\/dd>\n<dt>2017\/2018<\/dt>\n<dd>\u30c8\u30a5\u30fc\u30eb\u533b\u79d1\u5927\u5b66\u53ca\u3073AFRATAPEM\u306b\u3066\u30a2\u30fc\u30c8\u30bb\u30e9\u30d4\u30fc\u4fee\u58eb\u8ab2\u7a0b<\/dd>\n<\/dl>\n<p>\u72ec\u81ea\u306e\u30b3\u30fc\u30c9\u3068\u5c55\u793a\u72b6\u6cc1\uff08\u5929\u5019\u3001\u5834\u6240\u3001\u671f\u9593\u3001\u30b3\u30df\u30cb\u30b1\u30fc\u30b7\u30e7\u30f3\uff09\u3092\u9078\u3073\u3001\u6570\u5e74\u524d\u304b\u3089\u30cf\u30a4\u30d6\u30ea\u30c3\u30c9\u306a\u5b9f\u8df5\u3092\u63a2\u6c42\u3002\u5168\u3066\uff08\u30d1\u30d5\u30a9\u30fc\u30de\u30f3\u30b9\u3001\u30c0\u30f3\u30b9\u3001\u6587\u7ae0\u3001\u30c9\u30ed\u30fc\u30a4\u30f3\u30b0\u3001\u30d3\u30c7\u30aa\u3001\u5199\u771f\uff09\u304c\u76f8\u4e92\u306b\u7e4b\u304c\u308b\u4e00\u7a2e\u306e\u5730\u4e0b\u830e\u304c\u5f62\u6210\u3055\u308c\u305f\u30022002\u5e74\u3088\u308a\u30b3\u30f3\u30bb\u30d7\u30c8\u300e\u30a2\u30af\u30c8\u30fb\u30b3\u30ec\u30aa\u30b0\u30e9\u30d5\u30a3\u30fc\u300f\u3002<\/p>\n<h5>\u500b\u5c55<\/h5>\n<dl>\n<dt>2015-2017<\/dt>\n<dd>Alt, &#8220;cqjserdiVW&#8221;, &#8220;Aside&#8221;, &#8220;Sphaera&#8221;, &#8220;Green dance&#8221;, &#8220;Exchange I II III with Monk&#8221;, &#8220;Act premier \/ second \/ transit&#8221;, &#8220;Line III&#8221; (Pays de la Loire \/ Maine et Loire \/ Finist\u00e8re)<br \/>\n&#8220;Kronos&#8221;, &#8220;Partition&#8221; (R\u00e9sidence d\u2019artiste, Corcouet),<br \/>\n&#8220;Territory&#8221;, (Domaine du Landreau \/ Le chez Blanche, Nuaille)<br \/>\n&#8220;Line I\/II&#8221;, &#8220;Digital Choreography I\/II\/III\/IV&#8221;, &#8220;Digital&#8221; (Pays de la Loire)<\/dd>\n<dt>2012-14<\/dt>\n<dd>&#8220;Archeologia Cr\u00e9puscule&#8221;, &#8220;Push on&#8221;, &#8220;Process Perform 15\/15&#8221;, &#8220;Process&#8221;, &#8220;The Chairman Dances&#8221;, &#8220;Salome Dances for Peace&#8221; (Pays de la Loire \/ Finist\u00e8re \/ Maine et Loire)<\/dd>\n<dt>2008-2010<\/dt>\n<dd>&#8220;Pulses&#8221;, &#8220;Interstice&#8221;, &#8220;Extraction&#8221;, &#8220;Etat des lieux&#8221;, &#8220;Topos&#8221;, &#8220;Topos text&#8221; (Juin fotografik SPHAERA)<\/dd>\n<dt>2001-2007<\/dt>\n<dd>&#8220;Dessin rouge&#8221;, &#8220;Act millim\u00e9tr\u00e9&#8221;, &#8220;Gestazione Process&#8221;, &#8220;Spire concept&#8221;, &#8220;Red Dance&#8221; (Finist\u00e8re \/ Pays de la Loire)<\/dd>\n<\/dl>\n<h5>\u30b0\u30eb\u30fc\u30d7\u5c55<\/h5>\n<dl>\n<dt>1994-2017<\/dt>\n<dd>\u30eb\u30fb\u30ea\u30e5\u30a6\u30fb\u30e6\u30cb\u30c3\u30af\u3001\u30a2\u30fc\u30c8\u30bb\u30f3\u30bf\u30fc\u30fb\u30eb\u30fb\u30ab\u30eb\u30c1\u30a8\u3001\u30d6\u30eb\u30bf\u30fc\u30cb\u30e5\u6b74\u53f2\u535a\u7269\u9928\u3001ENITIAA\u3001\u30a2\u30eb\u30b0\u30e9\u30d5\u30a3\u3001\u30b0\u30ea\u30fc\u30f3\u30e9\u30f3\u30c9\u3001\u30c9\u30a4\u30c4<\/dd>\n<dt>1997<\/dt>\n<dd>ART\/EX\/TOYAMA \u7b2c\uff12\u56de\u5bcc\u5c71\u56fd\u969b\u7f8e\u8853\u4ea4\u6d41\u5c55\uff08\u5bcc\u5c71\u770c\u6c11\u4f1a\u9928\u7f8e\u8853\u9928\uff09<\/dd>\n<dt>2002<\/dt>\n<dd>ART\/X\/TOYAMA in UOZU\u3000\u7b2c\uff14\u56de\u5bcc\u5c71\u56fd\u969b\u73fe\u4ee3\u7f8e\u8853\u5c55\uff08\u65b0\u5ddd\u6587\u5316\u30db\u30fc\u30eb\uff09\/ \u201906\uff1a\u7b2c\uff15\u56de\u5c55 \/ \u201914\uff1a\u7b2c\uff17\u56de\u5c55<\/dd>\n<\/dl>\n","protected":false},"excerpt":{"rendered":"<p>ADDRESS : Nantes, FRANCE URL : http:\/\/www.lerhunsylou.com E-mail : syloulerhun@gmail.com 1963 \u751f\u307e\u308c 1995 \u56fd\u5bb6\u9ad8\u7b49\u9020\u5f62\u82b8 [&#8230;]<\/p>\n<p><a class=\"btn btn-secondary understrap-read-more-link\" href=\"https:\/\/art.p-alpha.ne.jp\/2018\/artists-2018\/sylou-le-rhun\/\">\u7d9a\u304d\u3092\u8aad\u3080&#8230;<\/a><\/p>\n","protected":false},"author":1,"featured_media":224,"parent":84,"menu_order":53,"comment_status":"closed","ping_status":"closed","template":"page-templates\/artiste-page.php","meta":{"_locale":"ja","_original_post":"204","footnotes":""},"tags":[7],"class_list":["post-432","page","type-page","status-publish","has-post-thumbnail","hentry","tag-france","ja"],"_links":{"self":[{"href":"https:\/\/art.p-alpha.ne.jp\/2018\/wp-json\/wp\/v2\/pages\/432","targetHints":{"allow":["GET"]}}],"collection":[{"href":"https:\/\/art.p-alpha.ne.jp\/2018\/wp-json\/wp\/v2\/pages"}],"about":[{"href":"https:\/\/art.p-alpha.ne.jp\/2018\/wp-json\/wp\/v2\/types\/page"}],"author":[{"embeddable":true,"href":"https:\/\/art.p-alpha.ne.jp\/2018\/wp-json\/wp\/v2\/users\/1"}],"replies":[{"embeddable":true,"href":"https:\/\/art.p-alpha.ne.jp\/2018\/wp-json\/wp\/v2\/comments?post=432"}],"version-history":[{"count":10,"href":"https:\/\/art.p-alpha.ne.jp\/2018\/wp-json\/wp\/v2\/pages\/432\/revisions"}],"predecessor-version":[{"id":1351,"href":"https:\/\/art.p-alpha.ne.jp\/2018\/wp-json\/wp\/v2\/pages\/432\/revisions\/1351"}],"up":[{"embeddable":true,"href":"https:\/\/art.p-alpha.ne.jp\/2018\/wp-json\/wp\/v2\/pages\/84"}],"wp:featuredmedia":[{"embeddable":true,"href":"https:\/\/art.p-alpha.ne.jp\/2018\/wp-json\/wp\/v2\/media\/224"}],"wp:attachment":[{"href":"https:\/\/art.p-alpha.ne.jp\/2018\/wp-json\/wp\/v2\/media?parent=432"}],"wp:term":[{"taxonomy":"post_tag","embeddable":true,"href":"https:\/\/art.p-alpha.ne.jp\/2018\/wp-json\/wp\/v2\/tags?post=432"}],"curies":[{"name":"wp","href":"https:\/\/api.w.org\/{rel}","templated":true}]}}