{"id":204,"date":"2018-01-12T00:20:14","date_gmt":"2018-01-11T15:20:14","guid":{"rendered":"http:\/\/art.p-alpha.ne.jp\/?page_id=204"},"modified":"2018-03-31T10:04:01","modified_gmt":"2018-03-31T01:04:01","slug":"sylou-le-rhun","status":"publish","type":"page","link":"https:\/\/art.p-alpha.ne.jp\/2018\/en\/artists-2018\/sylou-le-rhun\/","title":{"rendered":"Sylou Le Rhun"},"content":{"rendered":"<p><img loading=\"lazy\" decoding=\"async\" id=\"profil\" class=\"alignnone size-thumbnail wp-image-222\" src=\"https:\/\/art.p-alpha.ne.jp\/2018\/wp-content\/uploads\/2018\/01\/Sylou-LE-RHUN-150x150.jpg\" alt=\"Sylou LE RHUN\" width=\"150\" height=\"150\" \/><\/p>\n<address>ADDRESS : Nantes, FRANCE<br \/>\nURL : <a href=\"http:\/\/www.lerhunsylou.com\" target=\"_blank\" rel=\"noopener\">http:\/\/www.lerhunsylou.com<\/a><br \/>\nE-mail : syloulerhun@gmail.com<\/address>\n<figure id=\"attachment_224\" aria-describedby=\"caption-attachment-224\" style=\"width: 556px\" class=\"wp-caption aligncenter\"><img loading=\"lazy\" decoding=\"async\" class=\"wp-image-224 size-full\" src=\"https:\/\/art.p-alpha.ne.jp\/2018\/wp-content\/uploads\/2018\/01\/Sylou-LE-RHUN-Green-Dance.jpg\" alt=\"Sylou LE-RHUN | Green Dance\" width=\"556\" height=\"394\" srcset=\"https:\/\/art.p-alpha.ne.jp\/2018\/wp-content\/uploads\/2018\/01\/Sylou-LE-RHUN-Green-Dance.jpg 556w, https:\/\/art.p-alpha.ne.jp\/2018\/wp-content\/uploads\/2018\/01\/Sylou-LE-RHUN-Green-Dance-300x213.jpg 300w\" sizes=\"auto, (max-width: 556px) 100vw, 556px\" \/><figcaption id=\"caption-attachment-224\" class=\"wp-caption-text\"><strong>Green Dance &#8216;2017<\/strong><br \/> 131cmx150cm<br \/> colored pencil, felt pen, graphite on paper<\/figcaption><\/figure>\n<dl>\n<dt>1963<\/dt>\n<dd>born<\/dd>\n<dt>1995<\/dt>\n<dd>National Superior Diploma of Plastic Expression with mention\/Ecole Europ\u00e9enne Sup\u00e9rieure d\u2019art de Bretagne<\/dd>\n<dt>Since 1996<\/dt>\n<dd>professor and Intervener art plastic-art history-design and applied research in art \/CAPESS\/AGREG-plastic art<\/dd>\n<dt>2017\/2018<\/dt>\n<dd>training of art-therapist \/Master 2\/Faculty of Medecine of Tours and AFRATAPEM<\/dd>\n<\/dl>\n<p>I made the choice to develop my own codes and exhibitions conditions (time, place, duration, communication) and developed for several years, a hybrid practice, a kind of rhyzome where everything is interconnected (performance-dance-writing drawing-video-photography).<\/p>\n<h5>Solo\u00a0exhibitions<\/h5>\n<dl>\n<dt>2015-2017<\/dt>\n<dd>Alt,&#8221;cqjserdiVW&#8221;, &#8220;Aside&#8221;, &#8220;Sphaera&#8221;, &#8220;Green dance&#8221;, &#8220;Exchange I II III with Monk&#8221;, &#8220;Act premier \/ second \/ transit&#8221;, &#8220;Line III&#8221; (Pays de la Loire \/ Maine et Loire \/ Finist\u00e8re)<br \/>\n&#8220;Kronos&#8221;, &#8220;Partition&#8221; (R\u00e9sidence d\u2019artiste, Corcouet),<br \/>\n&#8220;Territory&#8221;, (Domaine du Landreau \/ Le chez Blanche, Nuaille)<br \/>\n&#8220;Line I\/II&#8221;, &#8220;Digital Choreography I\/II\/III\/IV&#8221;, &#8220;Digital&#8221; (Pays de la Loire)<\/dd>\n<dt>2012-14<\/dt>\n<dd>&#8220;Archeologia Cr\u00e9puscule&#8221;, &#8220;Push on&#8221;, &#8220;Process Perform 15\/15&#8221;, &#8220;Process&#8221;, &#8220;The Chairman Dances&#8221;, &#8220;Salome Dances for Peace&#8221; (Pays de la Loire \/ Finist\u00e8re \/ Maine et Loire)<\/dd>\n<dt>2008-2010<\/dt>\n<dd>&#8220;Pulses&#8221;, &#8220;Interstice&#8221;, &#8220;Extraction&#8221;, &#8220;Etat des lieux&#8221;, &#8220;Topos&#8221;, &#8220;Topos text&#8221; (Juin fotografik SPHAERA)<\/dd>\n<dt>2001-2007<\/dt>\n<dd>&#8220;Dessin rouge&#8221;, &#8220;Act millim\u00e9tr\u00e9&#8221;, &#8220;Gestazione Process&#8221;, &#8220;Spire concept&#8221;, &#8220;Red Dance&#8221; (Finist\u00e8re \/ Pays de la Loire)<\/dd>\n<\/dl>\n<h5>Group exhibitions<\/h5>\n<dl>\n<dt>1994-2017<\/dt>\n<dd>le Lieu Unique, Center of art Le Quartier, Britain History Museum, l\u2019ENITIAA, Argraphie, GREENLAND, GERMANY<\/dd>\n<dt>1997<\/dt>\n<dd>\u201997 ART\/EX\/TOYAMA\uff08Toyama Kenmin-Kaikan Museum of Art, JAPAN\uff09<\/dd>\n<dt>2002<\/dt>\n<dd>ART\/X\/TOYAMA in UOZU\uff08Niikawa-Bunka Hall, JAPAN\uff09\/ \u201906 \/ \u201914<\/dd>\n<\/dl>\n","protected":false},"excerpt":{"rendered":"<p>ADDRESS : Nantes, FRANCE URL : http:\/\/www.lerhunsylou.com E-mail : syloulerhun@gmail.com 1963 born 1995 Nation [&#8230;]<\/p>\n<p><a class=\"btn btn-secondary understrap-read-more-link\" href=\"https:\/\/art.p-alpha.ne.jp\/2018\/en\/artists-2018\/sylou-le-rhun\/\">Read More&#8230;<\/a><\/p>\n","protected":false},"author":1,"featured_media":224,"parent":90,"menu_order":53,"comment_status":"closed","ping_status":"closed","template":"page-templates\/artiste-page.php","meta":{"_locale":"en_US","_original_post":"204","footnotes":""},"tags":[7],"class_list":["post-204","page","type-page","status-publish","has-post-thumbnail","hentry","tag-france","en-US"],"_links":{"self":[{"href":"https:\/\/art.p-alpha.ne.jp\/2018\/wp-json\/wp\/v2\/pages\/204","targetHints":{"allow":["GET"]}}],"collection":[{"href":"https:\/\/art.p-alpha.ne.jp\/2018\/wp-json\/wp\/v2\/pages"}],"about":[{"href":"https:\/\/art.p-alpha.ne.jp\/2018\/wp-json\/wp\/v2\/types\/page"}],"author":[{"embeddable":true,"href":"https:\/\/art.p-alpha.ne.jp\/2018\/wp-json\/wp\/v2\/users\/1"}],"replies":[{"embeddable":true,"href":"https:\/\/art.p-alpha.ne.jp\/2018\/wp-json\/wp\/v2\/comments?post=204"}],"version-history":[{"count":23,"href":"https:\/\/art.p-alpha.ne.jp\/2018\/wp-json\/wp\/v2\/pages\/204\/revisions"}],"predecessor-version":[{"id":1350,"href":"https:\/\/art.p-alpha.ne.jp\/2018\/wp-json\/wp\/v2\/pages\/204\/revisions\/1350"}],"up":[{"embeddable":true,"href":"https:\/\/art.p-alpha.ne.jp\/2018\/wp-json\/wp\/v2\/pages\/90"}],"wp:featuredmedia":[{"embeddable":true,"href":"https:\/\/art.p-alpha.ne.jp\/2018\/wp-json\/wp\/v2\/media\/224"}],"wp:attachment":[{"href":"https:\/\/art.p-alpha.ne.jp\/2018\/wp-json\/wp\/v2\/media?parent=204"}],"wp:term":[{"taxonomy":"post_tag","embeddable":true,"href":"https:\/\/art.p-alpha.ne.jp\/2018\/wp-json\/wp\/v2\/tags?post=204"}],"curies":[{"name":"wp","href":"https:\/\/api.w.org\/{rel}","templated":true}]}}