{"id":166,"date":"2017-12-19T21:48:59","date_gmt":"2017-12-19T12:48:59","guid":{"rendered":"http:\/\/art.p-alpha.ne.jp\/?page_id=166"},"modified":"2018-03-26T22:34:01","modified_gmt":"2018-03-26T13:34:01","slug":"bahri-genc","status":"publish","type":"page","link":"https:\/\/art.p-alpha.ne.jp\/2018\/en\/artists-2018\/bahri-genc\/","title":{"rendered":"Bahri Genc\u0327"},"content":{"rendered":"<p><img loading=\"lazy\" decoding=\"async\" id=\"profil\" class=\"alignnone size-thumbnail wp-image-159\" src=\"https:\/\/art.p-alpha.ne.jp\/2018\/wp-content\/uploads\/2017\/12\/Bahri-Genc-150x150.jpg\" alt=\"Bahri Genc\u0327\" width=\"150\" height=\"150\" \/><\/p>\n<address>ADDRESS : Istanbul, TURKEY<br \/>\nURL : <a href=\"http:\/\/www.piramidsanat.com\/en\/artists\/bahri-genc\" target=\"_blank\" rel=\"noopener\">http:\/\/www.piramidsanet.com<\/a><br \/>\nE-mail : bahrigenc@gmail.com<\/address>\n<figure id=\"attachment_158\" aria-describedby=\"caption-attachment-158\" style=\"width: 640px\" class=\"wp-caption aligncenter\"><a href=\"https:\/\/art.p-alpha.ne.jp\/2018\/wp-content\/uploads\/2017\/12\/Bahri-Genc-green-trace.jpg\"><img loading=\"lazy\" decoding=\"async\" class=\"wp-image-158 size-large\" src=\"https:\/\/art.p-alpha.ne.jp\/2018\/wp-content\/uploads\/2017\/12\/Bahri-Genc-green-trace-745x1024.jpg\" alt=\"Green trace | Bahri Genc\u0327\" width=\"640\" height=\"880\" srcset=\"https:\/\/art.p-alpha.ne.jp\/2018\/wp-content\/uploads\/2017\/12\/Bahri-Genc-green-trace-745x1024.jpg 745w, https:\/\/art.p-alpha.ne.jp\/2018\/wp-content\/uploads\/2017\/12\/Bahri-Genc-green-trace-218x300.jpg 218w, https:\/\/art.p-alpha.ne.jp\/2018\/wp-content\/uploads\/2017\/12\/Bahri-Genc-green-trace-768x1055.jpg 768w, https:\/\/art.p-alpha.ne.jp\/2018\/wp-content\/uploads\/2017\/12\/Bahri-Genc-green-trace.jpg 1024w\" sizes=\"auto, (max-width: 640px) 100vw, 640px\" \/><\/a><figcaption id=\"caption-attachment-158\" class=\"wp-caption-text\"><strong>Green trace<\/strong><br \/>180&#215;130 cm<br \/>acylic on canvas<\/figcaption><\/figure>\n<p>Bahri Gen\u00e7 was enrolled at the Mimar Sinan Fine Arts University in 1982 and he has graduated from the same faculty with a master\u2019s degree.<br \/>\nGen\u00e7 has participated in many group exhibitions since 1987 and had solo shows since 1990.<br \/>\nHis paintings took place in various collections such as \u0130stanbul Press Museum, Bal\u0131kesir Devrim Erbil Museum, \u0130zmir Painting and Sculpture Museum and \u0130n The Davis Lisboa Mini Contemporary Art Museum in Barcelona.<br \/>\nSince 2007 he is working as the vice president of IAA Turkey (UPSD).<\/p>\n<dl>\n<dt>2014<\/dt>\n<dd>ART\/X\/TOYAMA in UOZU\uff08Niikawa-Bunka Hall, JAPAN)<\/dd>\n<\/dl>\n","protected":false},"excerpt":{"rendered":"<p>ADDRESS : Istanbul, TURKEY URL : http:\/\/www.piramidsanet.com E-mail : bahrigenc@gmail.com Bahri Gen\u00e7 was enrol [&#8230;]<\/p>\n<p><a class=\"btn btn-secondary understrap-read-more-link\" href=\"https:\/\/art.p-alpha.ne.jp\/2018\/en\/artists-2018\/bahri-genc\/\">Read More&#8230;<\/a><\/p>\n","protected":false},"author":1,"featured_media":157,"parent":90,"menu_order":8,"comment_status":"closed","ping_status":"closed","template":"page-templates\/artiste-page.php","meta":{"_locale":"en_US","_original_post":"155","footnotes":""},"tags":[3],"class_list":["post-166","page","type-page","status-publish","has-post-thumbnail","hentry","tag-turkey","en-US"],"_links":{"self":[{"href":"https:\/\/art.p-alpha.ne.jp\/2018\/wp-json\/wp\/v2\/pages\/166","targetHints":{"allow":["GET"]}}],"collection":[{"href":"https:\/\/art.p-alpha.ne.jp\/2018\/wp-json\/wp\/v2\/pages"}],"about":[{"href":"https:\/\/art.p-alpha.ne.jp\/2018\/wp-json\/wp\/v2\/types\/page"}],"author":[{"embeddable":true,"href":"https:\/\/art.p-alpha.ne.jp\/2018\/wp-json\/wp\/v2\/users\/1"}],"replies":[{"embeddable":true,"href":"https:\/\/art.p-alpha.ne.jp\/2018\/wp-json\/wp\/v2\/comments?post=166"}],"version-history":[{"count":8,"href":"https:\/\/art.p-alpha.ne.jp\/2018\/wp-json\/wp\/v2\/pages\/166\/revisions"}],"predecessor-version":[{"id":1214,"href":"https:\/\/art.p-alpha.ne.jp\/2018\/wp-json\/wp\/v2\/pages\/166\/revisions\/1214"}],"up":[{"embeddable":true,"href":"https:\/\/art.p-alpha.ne.jp\/2018\/wp-json\/wp\/v2\/pages\/90"}],"wp:featuredmedia":[{"embeddable":true,"href":"https:\/\/art.p-alpha.ne.jp\/2018\/wp-json\/wp\/v2\/media\/157"}],"wp:attachment":[{"href":"https:\/\/art.p-alpha.ne.jp\/2018\/wp-json\/wp\/v2\/media?parent=166"}],"wp:term":[{"taxonomy":"post_tag","embeddable":true,"href":"https:\/\/art.p-alpha.ne.jp\/2018\/wp-json\/wp\/v2\/tags?post=166"}],"curies":[{"name":"wp","href":"https:\/\/api.w.org\/{rel}","templated":true}]}}