{"id":107,"date":"2017-12-08T00:06:23","date_gmt":"2017-12-07T15:06:23","guid":{"rendered":"http:\/\/art.p-alpha.ne.jp\/?page_id=107"},"modified":"2018-02-25T13:16:28","modified_gmt":"2018-02-25T04:16:28","slug":"mufit-isler","status":"publish","type":"page","link":"https:\/\/art.p-alpha.ne.jp\/2018\/en\/artists-2018\/mufit-isler\/","title":{"rendered":"M\u00fcfit I\u015fler"},"content":{"rendered":"<p><img loading=\"lazy\" decoding=\"async\" id=\"profil\" class=\"alignnone size-thumbnail wp-image-112\" src=\"https:\/\/art.p-alpha.ne.jp\/2018\/wp-content\/uploads\/2017\/12\/Mufit-Isler-150x150.jpg\" alt=\"M\u00fcfit I\u015eLER | \u30df\u30e5\u30d5\u30a3\u30c3\u30c8\u30fb\u30a4\u30b7\u30ec\u30eb\" width=\"150\" height=\"150\" \/><\/p>\n<address>ADDRESS : Istanbul, TURKEY<\/address>\n<figure id=\"attachment_111\" aria-describedby=\"caption-attachment-111\" style=\"width: 577px\" class=\"wp-caption aligncenter\"><a href=\"https:\/\/art.p-alpha.ne.jp\/2018\/wp-content\/uploads\/2017\/12\/Mufit-Isler-Last-Nail.jpg\"><img loading=\"lazy\" decoding=\"async\" class=\"wp-image-111 size-large\" src=\"https:\/\/art.p-alpha.ne.jp\/2018\/wp-content\/uploads\/2017\/12\/Mufit-Isler-Last-Nail-577x1024.jpg\" alt=\"M\u00fcfit I\u015eLER | Last Nail\" width=\"577\" height=\"1024\" srcset=\"https:\/\/art.p-alpha.ne.jp\/2018\/wp-content\/uploads\/2017\/12\/Mufit-Isler-Last-Nail-577x1024.jpg 577w, https:\/\/art.p-alpha.ne.jp\/2018\/wp-content\/uploads\/2017\/12\/Mufit-Isler-Last-Nail-169x300.jpg 169w, https:\/\/art.p-alpha.ne.jp\/2018\/wp-content\/uploads\/2017\/12\/Mufit-Isler-Last-Nail-768x1362.jpg 768w, https:\/\/art.p-alpha.ne.jp\/2018\/wp-content\/uploads\/2017\/12\/Mufit-Isler-Last-Nail.jpg 1024w\" sizes=\"auto, (max-width: 577px) 100vw, 577px\" \/><\/a><figcaption id=\"caption-attachment-111\" class=\"wp-caption-text\"><strong>Last Nail<\/strong>, 2015<br \/> 202&#215;116 cm<br \/>oil on canvas<\/figcaption><\/figure>\n<p>He was born in Samsun in 1954. He graduated from Istanbul State of Fine Arts Academy in 1980. The artist, who has staged many solo exhibitions, has also participated in many mixed exhibitions. He Works own studio at Istanbul.<\/p>\n<h5>Selection Private Exhibition<\/h5>\n<dl>\n<dt>1984<\/dt>\n<dd>Gallery Seramar (Istanbul, TURKEY)<\/dd>\n<dt>1986<\/dt>\n<dd>Etiler Akbank Art Gallery (Istanbul, TURKEY)<\/dd>\n<dt>1989<\/dt>\n<dd>Antalya Art Gallery (Antalya, TURKEY)<\/dd>\n<dt>1992<\/dt>\n<dd>Gallery \u0130se (Istanbul, TURKEY)<\/dd>\n<dt>1994<\/dt>\n<dd>Sefahathane Gallery (Istanbul, TURKEY)<\/dd>\n<dt>2000<\/dt>\n<dd>Asmal\u0131mescit ArtGallery (Istanbul, TURKEY)<\/dd>\n<dt>2006<\/dt>\n<dd>Kar\u015f\u0131 Art Gallery (Istanbul, TURKEY) \/ \u201913<\/dd>\n<\/dl>\n<h5>Selection Group Exhibition<\/h5>\n<dl>\n<dt>1998<\/dt>\n<dd>Kar\u015f\u0131la\u015fmalar (Istanbul, TURKEY)<\/dd>\n<dt>2001<\/dt>\n<dd>Pankart \u2013 Kar\u015f\u0131 Art Gallery (Istanbul, TURKEY)<\/dd>\n<dt>2005<\/dt>\n<dd>Line\u2013Maritame Museum Gallery (Istanbul, TURKEY)<\/dd>\n<dt>2007<\/dt>\n<dd>Ifhaki Art Colony (Greece)<\/dd>\n<dt>2008<\/dt>\n<dd>Yalova Art Colony (Yalova, TURKEY)<\/dd>\n<dt>2010<\/dt>\n<dd>ART\/X\/TOYAMA in UOZU\uff08Niikawa-Bunka Hall, JAPAN\uff09<\/dd>\n<\/dl>\n","protected":false},"excerpt":{"rendered":"<p>ADDRESS : Istanbul, TURKEY He was born in Samsun in 1954. He graduated from Istanbul State of Fine Arts Academ [&#8230;]<\/p>\n<p><a class=\"btn btn-secondary understrap-read-more-link\" href=\"https:\/\/art.p-alpha.ne.jp\/2018\/en\/artists-2018\/mufit-isler\/\">Read More&#8230;<\/a><\/p>\n","protected":false},"author":1,"featured_media":111,"parent":90,"menu_order":34,"comment_status":"closed","ping_status":"closed","template":"page-templates\/artiste-page.php","meta":{"_locale":"en_US","_original_post":"107","footnotes":""},"tags":[3],"class_list":["post-107","page","type-page","status-publish","has-post-thumbnail","hentry","tag-turkey","en-US"],"_links":{"self":[{"href":"https:\/\/art.p-alpha.ne.jp\/2018\/wp-json\/wp\/v2\/pages\/107","targetHints":{"allow":["GET"]}}],"collection":[{"href":"https:\/\/art.p-alpha.ne.jp\/2018\/wp-json\/wp\/v2\/pages"}],"about":[{"href":"https:\/\/art.p-alpha.ne.jp\/2018\/wp-json\/wp\/v2\/types\/page"}],"author":[{"embeddable":true,"href":"https:\/\/art.p-alpha.ne.jp\/2018\/wp-json\/wp\/v2\/users\/1"}],"replies":[{"embeddable":true,"href":"https:\/\/art.p-alpha.ne.jp\/2018\/wp-json\/wp\/v2\/comments?post=107"}],"version-history":[{"count":15,"href":"https:\/\/art.p-alpha.ne.jp\/2018\/wp-json\/wp\/v2\/pages\/107\/revisions"}],"predecessor-version":[{"id":905,"href":"https:\/\/art.p-alpha.ne.jp\/2018\/wp-json\/wp\/v2\/pages\/107\/revisions\/905"}],"up":[{"embeddable":true,"href":"https:\/\/art.p-alpha.ne.jp\/2018\/wp-json\/wp\/v2\/pages\/90"}],"wp:featuredmedia":[{"embeddable":true,"href":"https:\/\/art.p-alpha.ne.jp\/2018\/wp-json\/wp\/v2\/media\/111"}],"wp:attachment":[{"href":"https:\/\/art.p-alpha.ne.jp\/2018\/wp-json\/wp\/v2\/media?parent=107"}],"wp:term":[{"taxonomy":"post_tag","embeddable":true,"href":"https:\/\/art.p-alpha.ne.jp\/2018\/wp-json\/wp\/v2\/tags?post=107"}],"curies":[{"name":"wp","href":"https:\/\/api.w.org\/{rel}","templated":true}]}}